{"id":1318,"date":"2021-11-21T15:14:19","date_gmt":"2021-11-21T15:14:19","guid":{"rendered":"https:\/\/npgroup-ltd.com\/ivorycoast\/about\/"},"modified":"2025-10-13T16:38:01","modified_gmt":"2025-10-13T16:38:01","slug":"about-us","status":"publish","type":"page","link":"https:\/\/npgroup-ltd.com\/ivorycoast\/about-us\/","title":{"rendered":"About Us"},"content":{"rendered":"\t\t<div data-elementor-type=\"wp-page\" data-elementor-id=\"1318\" class=\"elementor elementor-1318\" data-elementor-post-type=\"page\">\n\t\t\t\t<div class=\"elementor-element elementor-element-687218ec e-con-full e-flex e-con e-parent\" data-id=\"687218ec\" data-element_type=\"container\" data-settings=\"{&quot;background_background&quot;:&quot;classic&quot;}\">\n\t\t\t\t<\/div>\n\t\t<div class=\"elementor-element elementor-element-f8c34a7 e-con-full e-flex e-con e-parent\" data-id=\"f8c34a7\" data-element_type=\"container\" data-settings=\"{&quot;background_background&quot;:&quot;classic&quot;}\">\n\t\t<div class=\"elementor-element elementor-element-46662126 e-con-full e-flex e-con e-child\" data-id=\"46662126\" data-element_type=\"container\">\n\t\t\t\t<div class=\"elementor-element elementor-element-593a30c4 elementor-widget elementor-widget-elementskit-accordion\" data-id=\"593a30c4\" data-element_type=\"widget\" data-widget_type=\"elementskit-accordion.default\">\n\t\t\t\t<div class=\"elementor-widget-container\">\n\t\t\t\t\t<div class=\"ekit-wid-con\" >\n        <div class=\"elementskit-accordion accoedion-primary\" id=\"accordion-69fe4262d8862\">\n\n            \n                <div class=\"elementskit-card active\">\n                    <div class=\"elementskit-card-header\" id=\"primaryHeading-0-593a30c4\">\n                        <a href=\"#collapse-782742169fe4262d8862\" class=\"ekit-accordion--toggler elementskit-btn-link collapsed\" data-ekit-toggle=\"collapse\" data-target=\"#Collapse-782742169fe4262d8862\" aria-expanded=\"true\" aria-controls=\"Collapse-782742169fe4262d8862\">\n                            \n                            <span class=\"ekit-accordion-title\">Our Mission<\/span>\n\n                            \n                                <div class=\"ekit_accordion_icon_group\">\n                                    <div class=\"ekit_accordion_normal_icon\">\n                                        <!-- Normal Icon -->\n\t\t\t\t\t\t\t\t\t\t<i class=\"icon icon-down-arrow1\"><\/i>                                    <\/div>\n\n                                    <div class=\"ekit_accordion_active_icon\">\n                                        <!-- Active Icon -->\n\t\t\t\t\t\t\t\t\t\t<i class=\"icon icon-up-arrow\"><\/i>                                    <\/div>\n                                <\/div>\n\n                            \n                                                    <\/a>\n                    <\/div>\n\n                    <div id=\"Collapse-782742169fe4262d8862\" class=\" show collapse\" aria-labelledby=\"primaryHeading-0-593a30c4\" data-parent=\"#accordion-69fe4262d8862\">\n\n                        <div class=\"elementskit-card-body ekit-accordion--content\">\n                            Our mission is to maintain our dominant leadership position in our local market and strive to operate at sub-regional level by assuring the supply of petroleum products in an environmentally friendly manner while offering superior value for our customers, employees and other stakeholders based on a proud corporate culture with emphasis on safety consciousness, profit optimization, corporate expansion thereby contributing to national development.                        <\/div>\n\n                    <\/div>\n\n                <\/div><!-- .elementskit-card END -->\n\n                \n                <div class=\"elementskit-card \">\n                    <div class=\"elementskit-card-header\" id=\"primaryHeading-1-593a30c4\">\n                        <a href=\"#collapse-551d9a769fe4262d8862\" class=\"ekit-accordion--toggler elementskit-btn-link collapsed\" data-ekit-toggle=\"collapse\" data-target=\"#Collapse-551d9a769fe4262d8862\" aria-expanded=\"false\" aria-controls=\"Collapse-551d9a769fe4262d8862\">\n                            \n                            <span class=\"ekit-accordion-title\">Our Vision<\/span>\n\n                            \n                                <div class=\"ekit_accordion_icon_group\">\n                                    <div class=\"ekit_accordion_normal_icon\">\n                                        <!-- Normal Icon -->\n\t\t\t\t\t\t\t\t\t\t<i class=\"icon icon-down-arrow1\"><\/i>                                    <\/div>\n\n                                    <div class=\"ekit_accordion_active_icon\">\n                                        <!-- Active Icon -->\n\t\t\t\t\t\t\t\t\t\t<i class=\"icon icon-up-arrow\"><\/i>                                    <\/div>\n                                <\/div>\n\n                            \n                                                    <\/a>\n                    <\/div>\n\n                    <div id=\"Collapse-551d9a769fe4262d8862\" class=\" collapse\" aria-labelledby=\"primaryHeading-1-593a30c4\" data-parent=\"#accordion-69fe4262d8862\">\n\n                        <div class=\"elementskit-card-body ekit-accordion--content\">\n                            Our vision is to build a well-run dominant petroleum company that is poised to compete in the West African sub-region.                        <\/div>\n\n                    <\/div>\n\n                <\/div><!-- .elementskit-card END -->\n\n                \n                <div class=\"elementskit-card \">\n                    <div class=\"elementskit-card-header\" id=\"primaryHeading-2-593a30c4\">\n                        <a href=\"#collapse-38c6d0269fe4262d8862\" class=\"ekit-accordion--toggler elementskit-btn-link collapsed\" data-ekit-toggle=\"collapse\" data-target=\"#Collapse-38c6d0269fe4262d8862\" aria-expanded=\"false\" aria-controls=\"Collapse-38c6d0269fe4262d8862\">\n                            \n                            <span class=\"ekit-accordion-title\">Our Culture<\/span>\n\n                            \n                                <div class=\"ekit_accordion_icon_group\">\n                                    <div class=\"ekit_accordion_normal_icon\">\n                                        <!-- Normal Icon -->\n\t\t\t\t\t\t\t\t\t\t<i class=\"icon icon-down-arrow1\"><\/i>                                    <\/div>\n\n                                    <div class=\"ekit_accordion_active_icon\">\n                                        <!-- Active Icon -->\n\t\t\t\t\t\t\t\t\t\t<i class=\"icon icon-up-arrow\"><\/i>                                    <\/div>\n                                <\/div>\n\n                            \n                                                    <\/a>\n                    <\/div>\n\n                    <div id=\"Collapse-38c6d0269fe4262d8862\" class=\" collapse\" aria-labelledby=\"primaryHeading-2-593a30c4\" data-parent=\"#accordion-69fe4262d8862\">\n\n                        <div class=\"elementskit-card-body ekit-accordion--content\">\n                            Our culture is to develop a disciplined family with an institutional culture working towards building a great company.                        <\/div>\n\n                    <\/div>\n\n                <\/div><!-- .elementskit-card END -->\n\n                \n                <div class=\"elementskit-card \">\n                    <div class=\"elementskit-card-header\" id=\"primaryHeading-3-593a30c4\">\n                        <a href=\"#collapse-40cb91b69fe4262d8862\" class=\"ekit-accordion--toggler elementskit-btn-link collapsed\" data-ekit-toggle=\"collapse\" data-target=\"#Collapse-40cb91b69fe4262d8862\" aria-expanded=\"false\" aria-controls=\"Collapse-40cb91b69fe4262d8862\">\n                            \n                            <span class=\"ekit-accordion-title\">Our Value<\/span>\n\n                            \n                                <div class=\"ekit_accordion_icon_group\">\n                                    <div class=\"ekit_accordion_normal_icon\">\n                                        <!-- Normal Icon -->\n\t\t\t\t\t\t\t\t\t\t<i class=\"icon icon-down-arrow1\"><\/i>                                    <\/div>\n\n                                    <div class=\"ekit_accordion_active_icon\">\n                                        <!-- Active Icon -->\n\t\t\t\t\t\t\t\t\t\t<i class=\"icon icon-up-arrow\"><\/i>                                    <\/div>\n                                <\/div>\n\n                            \n                                                    <\/a>\n                    <\/div>\n\n                    <div id=\"Collapse-40cb91b69fe4262d8862\" class=\" collapse\" aria-labelledby=\"primaryHeading-3-593a30c4\" data-parent=\"#accordion-69fe4262d8862\">\n\n                        <div class=\"elementskit-card-body ekit-accordion--content\">\n                            <p>The core values of our institution are anchored on:<\/p><ul><li>Safe Working Environments<\/li><li>Good Customer Service<\/li><li>High-Quality Products<\/li><li>Environmental Sustainability<\/li><li>Building Positive Teams<\/li><\/ul>                        <\/div>\n\n                    <\/div>\n\n                <\/div><!-- .elementskit-card END -->\n\n                                        <\/div>\n    <\/div>\t\t\t\t<\/div>\n\t\t\t\t<\/div>\n\t\t\t\t<\/div>\n\t\t<div class=\"elementor-element elementor-element-1d666101 e-con-full e-flex e-con e-child\" data-id=\"1d666101\" data-element_type=\"container\">\n\t\t\t\t<div class=\"elementor-element elementor-element-62083e51 elementor-widget-tablet__width-inherit elementor-widget elementor-widget-heading\" data-id=\"62083e51\" data-element_type=\"widget\" data-widget_type=\"heading.default\">\n\t\t\t\t<div class=\"elementor-widget-container\">\n\t\t\t\t\t<h2 class=\"elementor-heading-title elementor-size-default\">Company History<\/h2>\t\t\t\t<\/div>\n\t\t\t\t<\/div>\n\t\t\t\t<div class=\"elementor-element elementor-element-5e17544a elementor-widget elementor-widget-text-editor\" data-id=\"5e17544a\" data-element_type=\"widget\" data-widget_type=\"text-editor.default\">\n\t\t\t\t<div class=\"elementor-widget-container\">\n\t\t\t\t\t\t\t\t\t<p>In December 2016, NP C\u00f4te d\u2019Ivoire Limited was registered in C\u00f4te d\u2019Ivoire as a petroleum products distribution company with 100% shareholding by NP Group Limited. After one year of its existence, the company officially received its distribution license from the government. Trading activities then commenced in 2018. The company changed its registration status from Soci\u00e9t\u00e9 \u00e0 Responsabilit\u00e9 Limit\u00e9e (SARL) with equity capital of F CFA 200 000 000 to Soci\u00e9t\u00e9 Anonyme (SA) with equity capital of 500 000 000 in September 2019 without a change of share holding structure.&nbsp;<\/p><p>In July 2024, the Company further increased its capital to F CFA 2 000 000 000 without a change in the shareholding structure.<\/p>\t\t\t\t\t\t\t\t<\/div>\n\t\t\t\t<\/div>\n\t\t\t\t<\/div>\n\t\t\t\t<\/div>\n\t\t\t\t<\/div>\n\t\t","protected":false},"excerpt":{"rendered":"<p>Home Our Mission Our mission is to maintain our dominant leadership position in our local market and strive to operate at sub-regional level by assuring the supply of petroleum products in an environmentally friendly manner while offering superior value for our customers, employees and other stakeholders based on a proud corporate culture with emphasis on [&hellip;]<\/p>\n","protected":false},"author":1,"featured_media":0,"parent":0,"menu_order":0,"comment_status":"closed","ping_status":"closed","template":"","meta":{"csbAdvScrollBarCursor":"","site-sidebar-layout":"no-sidebar","site-content-layout":"page-builder","ast-site-content-layout":"full-width-container","site-content-style":"unboxed","site-sidebar-style":"unboxed","ast-global-header-display":"","ast-banner-title-visibility":"","ast-main-header-display":"","ast-hfb-above-header-display":"","ast-hfb-below-header-display":"","ast-hfb-mobile-header-display":"","site-post-title":"disabled","ast-breadcrumbs-content":"","ast-featured-img":"disabled","footer-sml-layout":"","ast-disable-related-posts":"","theme-transparent-header-meta":"enabled","adv-header-id-meta":"","stick-header-meta":"","header-above-stick-meta":"","header-main-stick-meta":"","header-below-stick-meta":"","astra-migrate-meta-layouts":"set","ast-page-background-enabled":"default","ast-page-background-meta":{"desktop":{"background-color":"var(--ast-global-color-4)","background-image":"","background-repeat":"repeat","background-position":"center center","background-size":"auto","background-attachment":"scroll","background-type":"","background-media":"","overlay-type":"","overlay-color":"","overlay-opacity":"","overlay-gradient":""},"tablet":{"background-color":"","background-image":"","background-repeat":"repeat","background-position":"center center","background-size":"auto","background-attachment":"scroll","background-type":"","background-media":"","overlay-type":"","overlay-color":"","overlay-opacity":"","overlay-gradient":""},"mobile":{"background-color":"","background-image":"","background-repeat":"repeat","background-position":"center center","background-size":"auto","background-attachment":"scroll","background-type":"","background-media":"","overlay-type":"","overlay-color":"","overlay-opacity":"","overlay-gradient":""}},"ast-content-background-meta":{"desktop":{"background-color":"var(--ast-global-color-5)","background-image":"","background-repeat":"repeat","background-position":"center center","background-size":"auto","background-attachment":"scroll","background-type":"","background-media":"","overlay-type":"","overlay-color":"","overlay-opacity":"","overlay-gradient":""},"tablet":{"background-color":"var(--ast-global-color-5)","background-image":"","background-repeat":"repeat","background-position":"center center","background-size":"auto","background-attachment":"scroll","background-type":"","background-media":"","overlay-type":"","overlay-color":"","overlay-opacity":"","overlay-gradient":""},"mobile":{"background-color":"var(--ast-global-color-5)","background-image":"","background-repeat":"repeat","background-position":"center center","background-size":"auto","background-attachment":"scroll","background-type":"","background-media":"","overlay-type":"","overlay-color":"","overlay-opacity":"","overlay-gradient":""}},"footnotes":""},"class_list":["post-1318","page","type-page","status-publish","hentry"],"_links":{"self":[{"href":"https:\/\/npgroup-ltd.com\/ivorycoast\/wp-json\/wp\/v2\/pages\/1318","targetHints":{"allow":["GET"]}}],"collection":[{"href":"https:\/\/npgroup-ltd.com\/ivorycoast\/wp-json\/wp\/v2\/pages"}],"about":[{"href":"https:\/\/npgroup-ltd.com\/ivorycoast\/wp-json\/wp\/v2\/types\/page"}],"author":[{"embeddable":true,"href":"https:\/\/npgroup-ltd.com\/ivorycoast\/wp-json\/wp\/v2\/users\/1"}],"replies":[{"embeddable":true,"href":"https:\/\/npgroup-ltd.com\/ivorycoast\/wp-json\/wp\/v2\/comments?post=1318"}],"version-history":[{"count":8,"href":"https:\/\/npgroup-ltd.com\/ivorycoast\/wp-json\/wp\/v2\/pages\/1318\/revisions"}],"predecessor-version":[{"id":4538,"href":"https:\/\/npgroup-ltd.com\/ivorycoast\/wp-json\/wp\/v2\/pages\/1318\/revisions\/4538"}],"wp:attachment":[{"href":"https:\/\/npgroup-ltd.com\/ivorycoast\/wp-json\/wp\/v2\/media?parent=1318"}],"curies":[{"name":"wp","href":"https:\/\/api.w.org\/{rel}","templated":true}]}}