{"id":1317,"date":"2021-11-21T15:12:46","date_gmt":"2021-11-21T15:12:46","guid":{"rendered":"https:\/\/npgroup-ltd.com\/ivorycoast\/home\/"},"modified":"2025-10-23T10:35:08","modified_gmt":"2025-10-23T10:35:08","slug":"home","status":"publish","type":"page","link":"https:\/\/npgroup-ltd.com\/ivorycoast\/","title":{"rendered":"Home"},"content":{"rendered":"\t\t<div data-elementor-type=\"wp-page\" data-elementor-id=\"1317\" class=\"elementor elementor-1317\" data-elementor-post-type=\"page\">\n\t\t\t\t<div class=\"elementor-element elementor-element-6b6f6f5b e-con-full e-flex e-con e-parent\" data-id=\"6b6f6f5b\" data-element_type=\"container\" data-settings=\"{&quot;background_background&quot;:&quot;classic&quot;}\">\n\t\t\t\t<div class=\"elementor-element elementor-element-633e9120 elementor-invisible elementor-widget elementor-widget-heading\" data-id=\"633e9120\" data-element_type=\"widget\" data-settings=\"{&quot;_animation&quot;:&quot;fadeInDown&quot;}\" data-widget_type=\"heading.default\">\n\t\t\t\t<div class=\"elementor-widget-container\">\n\t\t\t\t\t<h1 class=\"elementor-heading-title elementor-size-default\">NP C\u00f4te D\u2019Ivoire<\/h1>\t\t\t\t<\/div>\n\t\t\t\t<\/div>\n\t\t\t\t<div class=\"elementor-element elementor-element-24baebb5 animated-slow elementor-invisible elementor-widget elementor-widget-heading\" data-id=\"24baebb5\" data-element_type=\"widget\" data-settings=\"{&quot;_animation&quot;:&quot;fadeInDown&quot;,&quot;_animation_delay&quot;:&quot;3000&quot;}\" data-widget_type=\"heading.default\">\n\t\t\t\t<div class=\"elementor-widget-container\">\n\t\t\t\t\t<h1 class=\"elementor-heading-title elementor-size-default\">N\u00b01 en Service Client\n<\/h1>\t\t\t\t<\/div>\n\t\t\t\t<\/div>\n\t\t\t\t<\/div>\n\t\t<div class=\"elementor-element elementor-element-69b96cd e-con-full e-flex e-con e-parent\" data-id=\"69b96cd\" data-element_type=\"container\" data-settings=\"{&quot;background_background&quot;:&quot;classic&quot;}\">\n\t\t<div class=\"elementor-element elementor-element-555bb87f e-con-full e-flex e-con e-child\" data-id=\"555bb87f\" data-element_type=\"container\">\n\t\t\t\t<div class=\"elementor-element elementor-element-742671b0 elementor-widget elementor-widget-heading\" data-id=\"742671b0\" data-element_type=\"widget\" data-widget_type=\"heading.default\">\n\t\t\t\t<div class=\"elementor-widget-container\">\n\t\t\t\t\t<h2 class=\"elementor-heading-title elementor-size-default\">\u00c0 Propos de Nous\n<\/h2>\t\t\t\t<\/div>\n\t\t\t\t<\/div>\n\t\t\t\t<div class=\"elementor-element elementor-element-2632496d elementor-widget elementor-widget-text-editor\" data-id=\"2632496d\" data-element_type=\"widget\" data-widget_type=\"text-editor.default\">\n\t\t\t\t<div class=\"elementor-widget-container\">\n\t\t\t\t\t\t\t\t\t<p><strong>Notre Histoire<\/strong><\/p>\t\t\t\t\t\t\t\t<\/div>\n\t\t\t\t<\/div>\n\t\t\t\t<\/div>\n\t\t<div class=\"elementor-element elementor-element-6ec8caa3 e-con-full e-flex e-con e-child\" data-id=\"6ec8caa3\" data-element_type=\"container\">\n\t\t\t\t<div class=\"elementor-element elementor-element-3c1fe4f elementor-align-left elementor-mobile-align-center elementor-widget elementor-widget-button\" data-id=\"3c1fe4f\" data-element_type=\"widget\" data-widget_type=\"button.default\">\n\t\t\t\t<div class=\"elementor-widget-container\">\n\t\t\t\t\t\t\t\t\t<div class=\"elementor-button-wrapper\">\n\t\t\t\t\t<a class=\"elementor-button elementor-button-link elementor-size-sm\" href=\"\/ivorycoast\/about-us\">\n\t\t\t\t\t\t<span class=\"elementor-button-content-wrapper\">\n\t\t\t\t\t\t\t\t\t<span class=\"elementor-button-text\">En Savoir Plus<\/span>\n\t\t\t\t\t<\/span>\n\t\t\t\t\t<\/a>\n\t\t\t\t<\/div>\n\t\t\t\t\t\t\t\t<\/div>\n\t\t\t\t<\/div>\n\t\t\t\t<div class=\"elementor-element elementor-element-1bddb59b elementor-widget elementor-widget-text-editor\" data-id=\"1bddb59b\" data-element_type=\"widget\" data-widget_type=\"text-editor.default\">\n\t\t\t\t<div class=\"elementor-widget-container\">\n\t\t\t\t\t\t\t\t\t<p>En d\u00e9cembre 2016, NP C\u00f4te d\u2019Ivoire Limited a \u00e9t\u00e9 enregistr\u00e9e en C\u00f4te d\u2019Ivoire en tant qu\u2019entreprise de distribution de produits p\u00e9troliers, avec une participation de 100 % d\u00e9tenue par NP Group Limited. Apr\u00e8s une ann\u00e9e d\u2019existence, la soci\u00e9t\u00e9 a officiellement obtenu sa licence de distribution d\u00e9livr\u00e9e par le gouvernement. Les activit\u00e9s commerciales ont ensuite d\u00e9but\u00e9 en 2018. En septembre 2019, la soci\u00e9t\u00e9 a modifi\u00e9 son statut d\u2019enregistrement, passant de Soci\u00e9t\u00e9 \u00e0 Responsabilit\u00e9 Limit\u00e9e (SARL) avec un capital social de 200 000 000 F CFA \u00e0 Soci\u00e9t\u00e9 Anonyme (SA) avec un capital social de 500 000 000 F CFA, sans changement dans la structure de l\u2019actionnariat<\/p>\t\t\t\t\t\t\t\t<\/div>\n\t\t\t\t<\/div>\n\t\t\t\t<\/div>\n\t\t\t\t<\/div>\n\t\t<div class=\"elementor-element elementor-element-2de8c0a8 e-con-full e-flex e-con e-parent\" data-id=\"2de8c0a8\" data-element_type=\"container\" data-settings=\"{&quot;background_background&quot;:&quot;classic&quot;}\">\n\t\t<div class=\"elementor-element elementor-element-b545071 e-con-full e-flex e-con e-child\" data-id=\"b545071\" data-element_type=\"container\">\n\t\t\t\t<div class=\"elementor-element elementor-element-5d5e21b0 elementor-widget elementor-widget-heading\" data-id=\"5d5e21b0\" data-element_type=\"widget\" data-widget_type=\"heading.default\">\n\t\t\t\t<div class=\"elementor-widget-container\">\n\t\t\t\t\t<h2 class=\"elementor-heading-title elementor-size-default\">Nos Produits\n<\/h2>\t\t\t\t<\/div>\n\t\t\t\t<\/div>\n\t\t\t\t<div class=\"elementor-element elementor-element-6455124c elementor-widget elementor-widget-text-editor\" data-id=\"6455124c\" data-element_type=\"widget\" data-widget_type=\"text-editor.default\">\n\t\t\t\t<div class=\"elementor-widget-container\">\n\t\t\t\t\t\t\t\t\t<p><strong>Provenant des principales raffineries p\u00e9troli\u00e8res mondiales<\/strong><\/p>\t\t\t\t\t\t\t\t<\/div>\n\t\t\t\t<\/div>\n\t\t\t\t<\/div>\n\t\t<div class=\"elementor-element elementor-element-6ab3468b e-con-full e-flex e-con e-child\" data-id=\"6ab3468b\" data-element_type=\"container\">\n\t\t<div class=\"elementor-element elementor-element-69619bd9 e-flex e-con-boxed e-con e-child\" data-id=\"69619bd9\" data-element_type=\"container\">\n\t\t\t\t\t<div class=\"e-con-inner\">\n\t\t\t\t<div class=\"elementor-element elementor-element-7fc1c18b elementor-position-top elementor-widget elementor-widget-image-box\" data-id=\"7fc1c18b\" data-element_type=\"widget\" data-widget_type=\"image-box.default\">\n\t\t\t\t<div class=\"elementor-widget-container\">\n\t\t\t\t\t<div class=\"elementor-image-box-wrapper\"><figure class=\"elementor-image-box-img\"><a href=\"\/ivorycoast\/petroleum-products\/\" tabindex=\"-1\"><img fetchpriority=\"high\" decoding=\"async\" width=\"700\" height=\"700\" src=\"https:\/\/npgroup-ltd.com\/ivorycoast\/wp-content\/uploads\/sites\/10\/2023\/11\/noun_Oil-Platform_1571095.png\" class=\"elementor-animation-hang attachment-full size-full wp-image-4323\" alt=\"\" srcset=\"https:\/\/npgroup-ltd.com\/ivorycoast\/wp-content\/uploads\/sites\/10\/2023\/11\/noun_Oil-Platform_1571095.png 700w, https:\/\/npgroup-ltd.com\/ivorycoast\/wp-content\/uploads\/sites\/10\/2023\/11\/noun_Oil-Platform_1571095-300x300.png 300w, https:\/\/npgroup-ltd.com\/ivorycoast\/wp-content\/uploads\/sites\/10\/2023\/11\/noun_Oil-Platform_1571095-150x150.png 150w\" sizes=\"(max-width: 700px) 100vw, 700px\" \/><\/a><\/figure><div class=\"elementor-image-box-content\"><h3 class=\"elementor-image-box-title\"><a href=\"\/ivorycoast\/petroleum-products\/\"><strong style=\"font-style: inherit\">Carburants p\u00e9troliers<\/strong><br><\/a><\/h3><p class=\"elementor-image-box-description\">Nous nous approvisionnons en carburants aupr\u00e8s des principales raffineries de p\u00e9trole du monde.\n<\/p><\/div><\/div>\t\t\t\t<\/div>\n\t\t\t\t<\/div>\n\t\t\t\t\t<\/div>\n\t\t\t\t<\/div>\n\t\t<div class=\"elementor-element elementor-element-2a0f7605 e-con-full e-flex e-con e-child\" data-id=\"2a0f7605\" data-element_type=\"container\">\n\t\t\t\t<div class=\"elementor-element elementor-element-ddba3f3 elementor-position-top elementor-widget elementor-widget-image-box\" data-id=\"ddba3f3\" data-element_type=\"widget\" data-widget_type=\"image-box.default\">\n\t\t\t\t<div class=\"elementor-widget-container\">\n\t\t\t\t\t<div class=\"elementor-image-box-wrapper\"><figure class=\"elementor-image-box-img\"><a href=\"\/ivorycoast\/lubricating-oils-greases\/\" tabindex=\"-1\"><img decoding=\"async\" width=\"700\" height=\"700\" src=\"https:\/\/npgroup-ltd.com\/ivorycoast\/wp-content\/uploads\/sites\/10\/2023\/11\/noun_Gasoline_1571115.png\" class=\"elementor-animation-hang attachment-full size-full wp-image-4324\" alt=\"\" srcset=\"https:\/\/npgroup-ltd.com\/ivorycoast\/wp-content\/uploads\/sites\/10\/2023\/11\/noun_Gasoline_1571115.png 700w, https:\/\/npgroup-ltd.com\/ivorycoast\/wp-content\/uploads\/sites\/10\/2023\/11\/noun_Gasoline_1571115-300x300.png 300w, https:\/\/npgroup-ltd.com\/ivorycoast\/wp-content\/uploads\/sites\/10\/2023\/11\/noun_Gasoline_1571115-150x150.png 150w\" sizes=\"(max-width: 700px) 100vw, 700px\" \/><\/a><\/figure><div class=\"elementor-image-box-content\"><h3 class=\"elementor-image-box-title\"><a href=\"\/ivorycoast\/lubricating-oils-greases\/\"><strong style=\"font-style: inherit\">Huiles et graisses lubrifiantes<\/strong><\/a><\/h3><p class=\"elementor-image-box-description\">Nous disposons d\u2019un large \u00e9ventail de lubrifiants et de graisses des marques BP, CASTROL, etc.\n<\/p><\/div><\/div>\t\t\t\t<\/div>\n\t\t\t\t<\/div>\n\t\t\t\t<\/div>\n\t\t<div class=\"elementor-element elementor-element-1dd5141b e-con-full e-flex e-con e-child\" data-id=\"1dd5141b\" data-element_type=\"container\">\n\t\t\t\t<div class=\"elementor-element elementor-element-74c15c65 elementor-position-top elementor-widget elementor-widget-image-box\" data-id=\"74c15c65\" data-element_type=\"widget\" data-widget_type=\"image-box.default\">\n\t\t\t\t<div class=\"elementor-widget-container\">\n\t\t\t\t\t<div class=\"elementor-image-box-wrapper\"><figure class=\"elementor-image-box-img\"><a href=\"\/ivorycoast\/liquefied-petroleum-gas\/\" tabindex=\"-1\"><img decoding=\"async\" width=\"700\" height=\"700\" src=\"https:\/\/npgroup-ltd.com\/ivorycoast\/wp-content\/uploads\/sites\/10\/2023\/11\/noun_gas-cylinder_829092.png\" class=\"elementor-animation-hang attachment-full size-full wp-image-4325\" alt=\"\" srcset=\"https:\/\/npgroup-ltd.com\/ivorycoast\/wp-content\/uploads\/sites\/10\/2023\/11\/noun_gas-cylinder_829092.png 700w, https:\/\/npgroup-ltd.com\/ivorycoast\/wp-content\/uploads\/sites\/10\/2023\/11\/noun_gas-cylinder_829092-300x300.png 300w, https:\/\/npgroup-ltd.com\/ivorycoast\/wp-content\/uploads\/sites\/10\/2023\/11\/noun_gas-cylinder_829092-150x150.png 150w\" sizes=\"(max-width: 700px) 100vw, 700px\" \/><\/a><\/figure><div class=\"elementor-image-box-content\"><h3 class=\"elementor-image-box-title\"><a href=\"\/ivorycoast\/liquefied-petroleum-gas\/\">Gaz de P\u00e9trole Liqu\u00e9fi\u00e9 (GPL)<\/a><\/h3><p class=\"elementor-image-box-description\">Liquefied Petroleum Gas has many benefits and it is a fuel.<\/p><\/div><\/div>\t\t\t\t<\/div>\n\t\t\t\t<\/div>\n\t\t\t\t<\/div>\n\t\t<div class=\"elementor-element elementor-element-c166c37 e-con-full e-flex e-con e-child\" data-id=\"c166c37\" data-element_type=\"container\">\n\t\t\t\t<div class=\"elementor-element elementor-element-28b41a4d elementor-position-top elementor-widget elementor-widget-image-box\" data-id=\"28b41a4d\" data-element_type=\"widget\" data-widget_type=\"image-box.default\">\n\t\t\t\t<div class=\"elementor-widget-container\">\n\t\t\t\t\t<div class=\"elementor-image-box-wrapper\"><figure class=\"elementor-image-box-img\"><a href=\"\/ivorycoast\/automotive-specialty-products\/\" tabindex=\"-1\"><img loading=\"lazy\" decoding=\"async\" width=\"700\" height=\"700\" src=\"https:\/\/npgroup-ltd.com\/ivorycoast\/wp-content\/uploads\/sites\/10\/2023\/11\/noun_Car_2773756.png\" class=\"elementor-animation-hang attachment-full size-full wp-image-4326\" alt=\"\" srcset=\"https:\/\/npgroup-ltd.com\/ivorycoast\/wp-content\/uploads\/sites\/10\/2023\/11\/noun_Car_2773756.png 700w, https:\/\/npgroup-ltd.com\/ivorycoast\/wp-content\/uploads\/sites\/10\/2023\/11\/noun_Car_2773756-300x300.png 300w, https:\/\/npgroup-ltd.com\/ivorycoast\/wp-content\/uploads\/sites\/10\/2023\/11\/noun_Car_2773756-150x150.png 150w\" sizes=\"(max-width: 700px) 100vw, 700px\" \/><\/a><\/figure><div class=\"elementor-image-box-content\"><h3 class=\"elementor-image-box-title\"><a href=\"\/ivorycoast\/automotive-specialty-products\/\">Produits automobiles<\/a><\/h3><p class=\"elementor-image-box-description\">Nous proposons \u00e9galement des produits sp\u00e9ciaux pour v\u00e9hicules, tels que des liquides de refroidissement.\n<\/p><\/div><\/div>\t\t\t\t<\/div>\n\t\t\t\t<\/div>\n\t\t\t\t<\/div>\n\t\t\t\t<\/div>\n\t\t\t\t<\/div>\n\t\t<div class=\"elementor-element elementor-element-2b9af0ff e-con-full e-flex e-con e-parent\" data-id=\"2b9af0ff\" data-element_type=\"container\" data-settings=\"{&quot;background_background&quot;:&quot;classic&quot;}\">\n\t\t<div class=\"elementor-element elementor-element-3be4e2b5 e-con-full e-flex e-con e-child\" data-id=\"3be4e2b5\" data-element_type=\"container\">\n\t\t\t\t<div class=\"elementor-element elementor-element-7cab28cd elementor-widget elementor-widget-heading\" data-id=\"7cab28cd\" data-element_type=\"widget\" data-widget_type=\"heading.default\">\n\t\t\t\t<div class=\"elementor-widget-container\">\n\t\t\t\t\t<h2 class=\"elementor-heading-title elementor-size-default\">Our Clients<\/h2>\t\t\t\t<\/div>\n\t\t\t\t<\/div>\n\t\t\t\t<div class=\"elementor-element elementor-element-404fc845 elementor-widget elementor-widget-text-editor\" data-id=\"404fc845\" data-element_type=\"widget\" data-widget_type=\"text-editor.default\">\n\t\t\t\t<div class=\"elementor-widget-container\">\n\t\t\t\t\t\t\t\t\tSome of our corporate clients\t\t\t\t\t\t\t\t<\/div>\n\t\t\t\t<\/div>\n\t\t\t\t<\/div>\n\t\t<div class=\"elementor-element elementor-element-30bf771f e-con-full e-flex e-con e-child\" data-id=\"30bf771f\" data-element_type=\"container\">\n\t\t<div class=\"elementor-element elementor-element-6cf582b8 e-flex e-con-boxed e-con e-child\" data-id=\"6cf582b8\" data-element_type=\"container\">\n\t\t\t\t\t<div class=\"e-con-inner\">\n\t\t\t\t<div class=\"elementor-element elementor-element-3b70cfd8 elementor-widget elementor-widget-image\" data-id=\"3b70cfd8\" data-element_type=\"widget\" data-widget_type=\"image.default\">\n\t\t\t\t<div class=\"elementor-widget-container\">\n\t\t\t\t\t\t\t\t\t\t\t\t\t\t\t<img loading=\"lazy\" decoding=\"async\" width=\"500\" height=\"500\" src=\"https:\/\/npgroup-ltd.com\/ivorycoast\/wp-content\/uploads\/sites\/10\/2023\/11\/1-1.jpg\" class=\"elementor-animation-hang attachment-large size-large wp-image-4367\" alt=\"\" srcset=\"https:\/\/npgroup-ltd.com\/ivorycoast\/wp-content\/uploads\/sites\/10\/2023\/11\/1-1.jpg 500w, https:\/\/npgroup-ltd.com\/ivorycoast\/wp-content\/uploads\/sites\/10\/2023\/11\/1-1-300x300.jpg 300w, https:\/\/npgroup-ltd.com\/ivorycoast\/wp-content\/uploads\/sites\/10\/2023\/11\/1-1-150x150.jpg 150w\" sizes=\"(max-width: 500px) 100vw, 500px\" \/>\t\t\t\t\t\t\t\t\t\t\t\t\t\t\t<\/div>\n\t\t\t\t<\/div>\n\t\t\t\t\t<\/div>\n\t\t\t\t<\/div>\n\t\t<div class=\"elementor-element elementor-element-1e21a3b6 e-con-full e-flex e-con e-child\" data-id=\"1e21a3b6\" data-element_type=\"container\">\n\t\t\t\t<div class=\"elementor-element elementor-element-88dfe17 elementor-widget elementor-widget-image\" data-id=\"88dfe17\" data-element_type=\"widget\" data-widget_type=\"image.default\">\n\t\t\t\t<div class=\"elementor-widget-container\">\n\t\t\t\t\t\t\t\t\t\t\t\t\t\t\t<img loading=\"lazy\" decoding=\"async\" width=\"500\" height=\"500\" src=\"https:\/\/npgroup-ltd.com\/ivorycoast\/wp-content\/uploads\/sites\/10\/2023\/11\/2-1.jpg\" class=\"elementor-animation-hang attachment-large size-large wp-image-4368\" alt=\"\" srcset=\"https:\/\/npgroup-ltd.com\/ivorycoast\/wp-content\/uploads\/sites\/10\/2023\/11\/2-1.jpg 500w, https:\/\/npgroup-ltd.com\/ivorycoast\/wp-content\/uploads\/sites\/10\/2023\/11\/2-1-300x300.jpg 300w, https:\/\/npgroup-ltd.com\/ivorycoast\/wp-content\/uploads\/sites\/10\/2023\/11\/2-1-150x150.jpg 150w\" sizes=\"(max-width: 500px) 100vw, 500px\" \/>\t\t\t\t\t\t\t\t\t\t\t\t\t\t\t<\/div>\n\t\t\t\t<\/div>\n\t\t\t\t<\/div>\n\t\t<div class=\"elementor-element elementor-element-8a4292f e-con-full e-flex e-con e-child\" data-id=\"8a4292f\" data-element_type=\"container\">\n\t\t\t\t<div class=\"elementor-element elementor-element-774f454e elementor-widget elementor-widget-image\" data-id=\"774f454e\" data-element_type=\"widget\" data-widget_type=\"image.default\">\n\t\t\t\t<div class=\"elementor-widget-container\">\n\t\t\t\t\t\t\t\t\t\t\t\t\t\t\t<img loading=\"lazy\" decoding=\"async\" width=\"500\" height=\"500\" src=\"https:\/\/npgroup-ltd.com\/ivorycoast\/wp-content\/uploads\/sites\/10\/2023\/11\/3-1.jpg\" class=\"elementor-animation-hang attachment-large size-large wp-image-4369\" alt=\"\" srcset=\"https:\/\/npgroup-ltd.com\/ivorycoast\/wp-content\/uploads\/sites\/10\/2023\/11\/3-1.jpg 500w, https:\/\/npgroup-ltd.com\/ivorycoast\/wp-content\/uploads\/sites\/10\/2023\/11\/3-1-300x300.jpg 300w, https:\/\/npgroup-ltd.com\/ivorycoast\/wp-content\/uploads\/sites\/10\/2023\/11\/3-1-150x150.jpg 150w\" sizes=\"(max-width: 500px) 100vw, 500px\" \/>\t\t\t\t\t\t\t\t\t\t\t\t\t\t\t<\/div>\n\t\t\t\t<\/div>\n\t\t\t\t<\/div>\n\t\t<div class=\"elementor-element elementor-element-1ebb63fb e-con-full e-flex e-con e-child\" data-id=\"1ebb63fb\" data-element_type=\"container\">\n\t\t\t\t<div class=\"elementor-element elementor-element-43bbd6d7 elementor-widget elementor-widget-image\" data-id=\"43bbd6d7\" data-element_type=\"widget\" data-widget_type=\"image.default\">\n\t\t\t\t<div class=\"elementor-widget-container\">\n\t\t\t\t\t\t\t\t\t\t\t\t\t\t\t<img loading=\"lazy\" decoding=\"async\" width=\"500\" height=\"500\" src=\"https:\/\/npgroup-ltd.com\/ivorycoast\/wp-content\/uploads\/sites\/10\/2023\/11\/4-1.jpg\" class=\"elementor-animation-hang attachment-large size-large wp-image-4370\" alt=\"\" srcset=\"https:\/\/npgroup-ltd.com\/ivorycoast\/wp-content\/uploads\/sites\/10\/2023\/11\/4-1.jpg 500w, https:\/\/npgroup-ltd.com\/ivorycoast\/wp-content\/uploads\/sites\/10\/2023\/11\/4-1-300x300.jpg 300w, https:\/\/npgroup-ltd.com\/ivorycoast\/wp-content\/uploads\/sites\/10\/2023\/11\/4-1-150x150.jpg 150w\" sizes=\"(max-width: 500px) 100vw, 500px\" \/>\t\t\t\t\t\t\t\t\t\t\t\t\t\t\t<\/div>\n\t\t\t\t<\/div>\n\t\t\t\t<\/div>\n\t\t<div class=\"elementor-element elementor-element-3fc9366a e-con-full e-flex e-con e-child\" data-id=\"3fc9366a\" data-element_type=\"container\">\n\t\t\t\t<div class=\"elementor-element elementor-element-6a9458c elementor-widget elementor-widget-image\" data-id=\"6a9458c\" data-element_type=\"widget\" data-widget_type=\"image.default\">\n\t\t\t\t<div class=\"elementor-widget-container\">\n\t\t\t\t\t\t\t\t\t\t\t\t\t\t\t<img loading=\"lazy\" decoding=\"async\" width=\"500\" height=\"500\" src=\"https:\/\/npgroup-ltd.com\/ivorycoast\/wp-content\/uploads\/sites\/10\/2023\/11\/EIDA.jpg\" class=\"elementor-animation-hang attachment-large size-large wp-image-4371\" alt=\"\" srcset=\"https:\/\/npgroup-ltd.com\/ivorycoast\/wp-content\/uploads\/sites\/10\/2023\/11\/EIDA.jpg 500w, https:\/\/npgroup-ltd.com\/ivorycoast\/wp-content\/uploads\/sites\/10\/2023\/11\/EIDA-300x300.jpg 300w, https:\/\/npgroup-ltd.com\/ivorycoast\/wp-content\/uploads\/sites\/10\/2023\/11\/EIDA-150x150.jpg 150w\" sizes=\"(max-width: 500px) 100vw, 500px\" \/>\t\t\t\t\t\t\t\t\t\t\t\t\t\t\t<\/div>\n\t\t\t\t<\/div>\n\t\t\t\t<\/div>\n\t\t\t\t<\/div>\n\t\t\t\t<\/div>\n\t\t\t\t<\/div>\n\t\t","protected":false},"excerpt":{"rendered":"<p>NP C\u00f4te D\u2019Ivoire N\u00b01 en Service Client \u00c0 Propos de Nous Notre Histoire En Savoir Plus En d\u00e9cembre 2016, NP C\u00f4te d\u2019Ivoire Limited a \u00e9t\u00e9 enregistr\u00e9e en C\u00f4te d\u2019Ivoire en tant qu\u2019entreprise de distribution de produits p\u00e9troliers, avec une participation de 100 % d\u00e9tenue par NP Group Limited. Apr\u00e8s une ann\u00e9e d\u2019existence, la soci\u00e9t\u00e9 a [&hellip;]<\/p>\n","protected":false},"author":1,"featured_media":0,"parent":0,"menu_order":0,"comment_status":"closed","ping_status":"closed","template":"","meta":{"csbAdvScrollBarCursor":"","site-sidebar-layout":"no-sidebar","site-content-layout":"page-builder","ast-site-content-layout":"default","site-content-style":"default","site-sidebar-style":"default","ast-global-header-display":"","ast-banner-title-visibility":"","ast-main-header-display":"","ast-hfb-above-header-display":"","ast-hfb-below-header-display":"","ast-hfb-mobile-header-display":"","site-post-title":"disabled","ast-breadcrumbs-content":"","ast-featured-img":"disabled","footer-sml-layout":"","ast-disable-related-posts":"","theme-transparent-header-meta":"enabled","adv-header-id-meta":"","stick-header-meta":"","header-above-stick-meta":"","header-main-stick-meta":"","header-below-stick-meta":"","astra-migrate-meta-layouts":"default","ast-page-background-enabled":"default","ast-page-background-meta":{"desktop":{"background-color":"var(--ast-global-color-4)","background-image":"","background-repeat":"repeat","background-position":"center center","background-size":"auto","background-attachment":"scroll","background-type":"","background-media":"","overlay-type":"","overlay-color":"","overlay-opacity":"","overlay-gradient":""},"tablet":{"background-color":"","background-image":"","background-repeat":"repeat","background-position":"center center","background-size":"auto","background-attachment":"scroll","background-type":"","background-media":"","overlay-type":"","overlay-color":"","overlay-opacity":"","overlay-gradient":""},"mobile":{"background-color":"","background-image":"","background-repeat":"repeat","background-position":"center center","background-size":"auto","background-attachment":"scroll","background-type":"","background-media":"","overlay-type":"","overlay-color":"","overlay-opacity":"","overlay-gradient":""}},"ast-content-background-meta":{"desktop":{"background-color":"var(--ast-global-color-5)","background-image":"","background-repeat":"repeat","background-position":"center center","background-size":"auto","background-attachment":"scroll","background-type":"","background-media":"","overlay-type":"","overlay-color":"","overlay-opacity":"","overlay-gradient":""},"tablet":{"background-color":"var(--ast-global-color-5)","background-image":"","background-repeat":"repeat","background-position":"center center","background-size":"auto","background-attachment":"scroll","background-type":"","background-media":"","overlay-type":"","overlay-color":"","overlay-opacity":"","overlay-gradient":""},"mobile":{"background-color":"var(--ast-global-color-5)","background-image":"","background-repeat":"repeat","background-position":"center center","background-size":"auto","background-attachment":"scroll","background-type":"","background-media":"","overlay-type":"","overlay-color":"","overlay-opacity":"","overlay-gradient":""}},"footnotes":""},"class_list":["post-1317","page","type-page","status-publish","hentry"],"_links":{"self":[{"href":"https:\/\/npgroup-ltd.com\/ivorycoast\/wp-json\/wp\/v2\/pages\/1317","targetHints":{"allow":["GET"]}}],"collection":[{"href":"https:\/\/npgroup-ltd.com\/ivorycoast\/wp-json\/wp\/v2\/pages"}],"about":[{"href":"https:\/\/npgroup-ltd.com\/ivorycoast\/wp-json\/wp\/v2\/types\/page"}],"author":[{"embeddable":true,"href":"https:\/\/npgroup-ltd.com\/ivorycoast\/wp-json\/wp\/v2\/users\/1"}],"replies":[{"embeddable":true,"href":"https:\/\/npgroup-ltd.com\/ivorycoast\/wp-json\/wp\/v2\/comments?post=1317"}],"version-history":[{"count":11,"href":"https:\/\/npgroup-ltd.com\/ivorycoast\/wp-json\/wp\/v2\/pages\/1317\/revisions"}],"predecessor-version":[{"id":4587,"href":"https:\/\/npgroup-ltd.com\/ivorycoast\/wp-json\/wp\/v2\/pages\/1317\/revisions\/4587"}],"wp:attachment":[{"href":"https:\/\/npgroup-ltd.com\/ivorycoast\/wp-json\/wp\/v2\/media?parent=1317"}],"curies":[{"name":"wp","href":"https:\/\/api.w.org\/{rel}","templated":true}]}}